{"id":9535,"date":"2026-03-19T23:25:29","date_gmt":"2026-03-19T19:25:29","guid":{"rendered":"https:\/\/socofujairah.ae\/?post_type=product&#038;p=9535"},"modified":"2026-03-19T23:33:14","modified_gmt":"2026-03-19T19:33:14","slug":"introduction-geometric-kufic-calligraphy","status":"publish","type":"product","link":"https:\/\/socofujairah.ae\/en\/product\/introduction-geometric-kufic-calligraphy\/","title":{"rendered":"Introduction to Geometric Kufic: From Letters to Sacred Compositions"},"content":{"rendered":"<p style=\"text-align: right;\" data-start=\"548\" data-end=\"835\"><br data-start=\"558\" data-end=\"561\" \/>This course introduces participants to the powerful and historically significant art of Geometric Kufic calligraphy, one of the earliest and most architecturally expressive scripts in the Islamic tradition.<\/p>\n<p style=\"text-align: right;\" data-start=\"837\" data-end=\"1031\">Participants will learn how individual letters are constructed using a grid-based system of squares and straight lines, forming the foundation of this structured and visually striking script. They will then explore how letters connect to form cohesive words within a balanced composition.<\/p>\n<p style=\"text-align: right;\" data-start=\"1033\" data-end=\"1290\">The course also covers essential compositional principles such as symmetry, repetition, spatial balance, and geometric interlacing. These concepts are applied in creating traditional texts such as the Basmala and the declaration of faith.<\/p>\n<p style=\"text-align: right;\" data-start=\"1292\" data-end=\"1435\">Participants will also be introduced to three-dimensional Kufic design, exploring how compositions can be interpreted from multiple perspectives, inspired by historical architectural and tilework applications.<\/p>\n<h3 style=\"text-align: right;\" data-start=\"438\" data-end=\"696\">Learning Objectives<\/h3>\n<p style=\"text-align: right;\" data-start=\"1437\" data-end=\"1663\">Participants will understand the structural and mathematical principles of Geometric Kufic, learn to construct letters using grids, and develop skills in creating balanced calligraphic compositions.<\/p>\n<h3 style=\"text-align: right;\" data-start=\"1532\" data-end=\"1714\">Learning Outcomes:<\/h3>\n<p style=\"text-align: right;\" data-start=\"1665\" data-end=\"1872\">Participants will produce complete Geometric Kufic compositions, including traditional texts, and gain foundational experience in both two-dimensional and introductory three-dimensional design.<\/p>\n<p style=\"text-align: right;\" data-start=\"2265\" data-end=\"2448\">Language: English<\/p>\n<p style=\"text-align: right;\" data-start=\"271\" data-end=\"470\">Schedule: Sundays | 11:00 AM \u2013 1:00 PM<br data-start=\"387\" data-end=\"390\" \/>Duration: 3 Sessions<br data-start=\"410\" data-end=\"413\" \/>Total Hours: 6 Hours<br data-start=\"436\" data-end=\"439\" \/>Course Fee: 120 AED<\/p>\n<p style=\"text-align: right;\" data-start=\"472\" data-end=\"507\">Workshop Dates:<br data-start=\"485\" data-end=\"488\" \/>July: 12, 19, 26<\/p>\n<p style=\"text-align: right;\" data-start=\"148\" data-end=\"331\">\n<h3 style=\"text-align: right;\" data-start=\"2872\" data-end=\"3063\">Instructor:<\/h3>\n<p><strong><img fetchpriority=\"high\" decoding=\"async\" class=\"wp-image-9540 size-medium alignleft\" src=\"https:\/\/socofujairah.ae\/wp-content\/uploads\/2026\/03\/professionalphoto3-300x281.png\" alt=\"\" width=\"300\" height=\"281\" srcset=\"https:\/\/socofujairah.ae\/wp-content\/uploads\/2026\/03\/professionalphoto3-300x281.png 300w, https:\/\/socofujairah.ae\/wp-content\/uploads\/2026\/03\/professionalphoto3-1024x960.png 1024w, https:\/\/socofujairah.ae\/wp-content\/uploads\/2026\/03\/professionalphoto3-768x720.png 768w, https:\/\/socofujairah.ae\/wp-content\/uploads\/2026\/03\/professionalphoto3-1536x1440.png 1536w, https:\/\/socofujairah.ae\/wp-content\/uploads\/2026\/03\/professionalphoto3-2048x1920.png 2048w, https:\/\/socofujairah.ae\/wp-content\/uploads\/2026\/03\/professionalphoto3-13x12.png 13w, https:\/\/socofujairah.ae\/wp-content\/uploads\/2026\/03\/professionalphoto3-600x563.png 600w\" sizes=\"(max-width: 300px) 100vw, 300px\" \/><\/strong><\/p>\n<p style=\"text-align: right;\" data-start=\"2882\" data-end=\"3074\">Elif Hale G\u00f6k\u00e7en is an Arabic calligraphy artist from T\u00fcrkiye, based in Fujairah in the United Arab Emirates, with more than ten years of experience in the field of Arabic calligraphy. She works primarily in the Thuluth, Naskh, and Jali Thuluth scripts.<\/p>\n<p style=\"text-align: right;\" data-start=\"3076\" data-end=\"3260\">She studied Arabic calligraphy under Ustadh Ahmed Fares Rezq and holds a degree in Computer Engineering. In addition, she studied traditional illumination (tezhip) for three years and received one year of training in oil painting.<\/p>\n<p style=\"text-align: right;\" data-start=\"3262\" data-end=\"3488\">She has been recognised by the Ministry of Culture of the Republic of T\u00fcrkiye as a bearer of intangible cultural heritage. She has also received awards in international Arabic calligraphy competitions and has exhibited her work at art festivals and galleries in T\u00fcrkiye, the United Kingdom, and the United Arab Emirates.<\/p>\n<p style=\"text-align: right;\" data-start=\"3490\" data-end=\"3579\">She is the founder of Sincere Gallery and currently teaches Arabic calligraphy at the School of Calligraphy and Ornamentation in Fujairah.<\/p>","protected":false},"excerpt":{"rendered":"<p>\u062a\u0642\u062f\u0645 \u0647\u0630\u0647 \u0627\u0644\u062f\u0648\u0631\u0629 \u0645\u062f\u062e\u0644\u064b\u0627 \u0625\u0644\u0649 \u0641\u0646 \u0627\u0644\u062e\u0637 \u0627\u0644\u0643\u0648\u0641\u064a \u0627\u0644\u0647\u0646\u062f\u0633\u064a\u060c \u0623\u062d\u062f \u0623\u0642\u062f\u0645 \u0648\u0623\u0642\u0648\u0649 \u0623\u0646\u0645\u0627\u0637 \u0627\u0644\u062e\u0637 \u0627\u0644\u0639\u0631\u0628\u064a \u0645\u0646 \u062d\u064a\u062b \u0627\u0644\u0628\u0646\u064a\u0629 \u0627\u0644\u0628\u0635\u0631\u064a\u0629 \u0648\u0627\u0644\u0647\u0646\u062f\u0633\u064a\u0629. \u064a\u062a\u0645\u064a\u0632 \u0647\u0630\u0627 \u0627\u0644\u062e\u0637 \u0628\u0628\u0646\u0627\u0626\u0647 \u0627\u0644\u0642\u0627\u0626\u0645 \u0639\u0644\u0649 \u0634\u0628\u0643\u0629 \u0645\u0646 \u0627\u0644\u062e\u0637\u0648\u0637 \u0627\u0644\u0645\u0633\u062a\u0642\u064a\u0645\u0629 \u0648\u0627\u0644\u0645\u0631\u0628\u0639\u0627\u062a\u060c \u0645\u0645\u0627 \u064a\u0645\u0646\u062d\u0647 \u0637\u0627\u0628\u0639\u064b\u0627 \u0645\u0639\u0645\u0627\u0631\u064a\u064b\u0627 \u0645\u0645\u064a\u0632\u064b\u0627 \u0627\u0633\u062a\u062e\u062f\u0645 \u0639\u0628\u0631 \u0627\u0644\u062a\u0627\u0631\u064a\u062e \u0641\u064a \u062a\u0632\u064a\u064a\u0646 \u0627\u0644\u0645\u0633\u0627\u062c\u062f \u0648\u0627\u0644\u0642\u0635\u0648\u0631 \u0648\u0627\u0644\u0645\u062e\u0637\u0648\u0637\u0627\u062a. \u064a\u062a\u0639\u0644\u0645 \u0627\u0644\u0645\u0634\u0627\u0631\u0643\u0648\u0646 \u0643\u064a\u0641\u064a\u0629 \u0628\u0646\u0627\u0621 \u0627\u0644\u062d\u0631\u0648\u0641 \u0627\u0644\u0643\u0648\u0641\u064a\u0629 \u0628\u0627\u0633\u062a\u062e\u062f\u0627\u0645 \u0646\u0638\u0627\u0645 \u0634\u0628\u0643\u064a \u062f\u0642\u064a\u0642\u060c \u0648\u0641\u0647\u0645 [&hellip;]<\/p>\n","protected":false},"featured_media":9539,"template":"","meta":[],"product_brand":[],"product_cat":[15],"product_tag":[],"class_list":{"0":"post-9535","1":"product","2":"type-product","3":"status-publish","4":"has-post-thumbnail","6":"product_cat-workshops","8":"first","9":"instock","10":"virtual","11":"taxable","12":"purchasable","13":"product-type-simple"},"ams_default_variation_id":0,"ams_product_points_reward":[],"ams_product_discount_percentage":0,"ams_price_to_display":120,"ams_acf":[],"yoast_head":"<!-- This site is optimized with the Yoast SEO plugin v27.3 - https:\/\/yoast.com\/product\/yoast-seo-wordpress\/ -->\n<title>\u0645\u062f\u062e\u0644 \u0625\u0644\u0649 \u0627\u0644\u062e\u0637 \u0627\u0644\u0643\u0648\u0641\u064a \u0627\u0644\u0647\u0646\u062f\u0633\u064a: \u0645\u0646 \u0627\u0644\u062d\u0631\u0648\u0641 \u0625\u0644\u0649 \u0627\u0644\u062a\u0643\u0648\u064a\u0646\u0627\u062a \u0627\u0644\u0631\u0648\u062d\u0627\u0646\u064a\u0629 - School of Calligraphy and Ornamentation<\/title>\n<meta name=\"robots\" content=\"index, follow, max-snippet:-1, max-image-preview:large, max-video-preview:-1\" \/>\n<link rel=\"canonical\" href=\"https:\/\/socofujairah.ae\/en\/product\/introduction-geometric-kufic-calligraphy\/\" \/>\n<meta property=\"og:locale\" content=\"en_GB\" \/>\n<meta property=\"og:type\" content=\"article\" \/>\n<meta property=\"og:title\" content=\"\u0645\u062f\u062e\u0644 \u0625\u0644\u0649 \u0627\u0644\u062e\u0637 \u0627\u0644\u0643\u0648\u0641\u064a \u0627\u0644\u0647\u0646\u062f\u0633\u064a: \u0645\u0646 \u0627\u0644\u062d\u0631\u0648\u0641 \u0625\u0644\u0649 \u0627\u0644\u062a\u0643\u0648\u064a\u0646\u0627\u062a \u0627\u0644\u0631\u0648\u062d\u0627\u0646\u064a\u0629 - School of Calligraphy and Ornamentation\" \/>\n<meta property=\"og:description\" content=\"\u062a\u0642\u062f\u0645 \u0647\u0630\u0647 \u0627\u0644\u062f\u0648\u0631\u0629 \u0645\u062f\u062e\u0644\u064b\u0627 \u0625\u0644\u0649 \u0641\u0646 \u0627\u0644\u062e\u0637 \u0627\u0644\u0643\u0648\u0641\u064a \u0627\u0644\u0647\u0646\u062f\u0633\u064a\u060c \u0623\u062d\u062f \u0623\u0642\u062f\u0645 \u0648\u0623\u0642\u0648\u0649 \u0623\u0646\u0645\u0627\u0637 \u0627\u0644\u062e\u0637 \u0627\u0644\u0639\u0631\u0628\u064a \u0645\u0646 \u062d\u064a\u062b \u0627\u0644\u0628\u0646\u064a\u0629 \u0627\u0644\u0628\u0635\u0631\u064a\u0629 \u0648\u0627\u0644\u0647\u0646\u062f\u0633\u064a\u0629. \u064a\u062a\u0645\u064a\u0632 \u0647\u0630\u0627 \u0627\u0644\u062e\u0637 \u0628\u0628\u0646\u0627\u0626\u0647 \u0627\u0644\u0642\u0627\u0626\u0645 \u0639\u0644\u0649 \u0634\u0628\u0643\u0629 \u0645\u0646 \u0627\u0644\u062e\u0637\u0648\u0637 \u0627\u0644\u0645\u0633\u062a\u0642\u064a\u0645\u0629 \u0648\u0627\u0644\u0645\u0631\u0628\u0639\u0627\u062a\u060c \u0645\u0645\u0627 \u064a\u0645\u0646\u062d\u0647 \u0637\u0627\u0628\u0639\u064b\u0627 \u0645\u0639\u0645\u0627\u0631\u064a\u064b\u0627 \u0645\u0645\u064a\u0632\u064b\u0627 \u0627\u0633\u062a\u062e\u062f\u0645 \u0639\u0628\u0631 \u0627\u0644\u062a\u0627\u0631\u064a\u062e \u0641\u064a \u062a\u0632\u064a\u064a\u0646 \u0627\u0644\u0645\u0633\u0627\u062c\u062f \u0648\u0627\u0644\u0642\u0635\u0648\u0631 \u0648\u0627\u0644\u0645\u062e\u0637\u0648\u0637\u0627\u062a. \u064a\u062a\u0639\u0644\u0645 \u0627\u0644\u0645\u0634\u0627\u0631\u0643\u0648\u0646 \u0643\u064a\u0641\u064a\u0629 \u0628\u0646\u0627\u0621 \u0627\u0644\u062d\u0631\u0648\u0641 \u0627\u0644\u0643\u0648\u0641\u064a\u0629 \u0628\u0627\u0633\u062a\u062e\u062f\u0627\u0645 \u0646\u0638\u0627\u0645 \u0634\u0628\u0643\u064a \u062f\u0642\u064a\u0642\u060c \u0648\u0641\u0647\u0645 [&hellip;]\" \/>\n<meta property=\"og:url\" content=\"https:\/\/socofujairah.ae\/en\/product\/introduction-geometric-kufic-calligraphy\/\" \/>\n<meta property=\"og:site_name\" content=\"School of Calligraphy and Ornamentation\" \/>\n<meta property=\"article:modified_time\" content=\"2026-03-19T19:33:14+00:00\" \/>\n<meta property=\"og:image\" content=\"https:\/\/socofujairah.ae\/wp-content\/uploads\/2026\/03\/elifhalegokcen_geometrickufic_workshop3-815x1024.png\" \/>\n\t<meta property=\"og:image:width\" content=\"815\" \/>\n\t<meta property=\"og:image:height\" content=\"1024\" \/>\n\t<meta property=\"og:image:type\" content=\"image\/png\" \/>\n<meta name=\"twitter:card\" content=\"summary_large_image\" \/>\n<meta name=\"twitter:label1\" content=\"Estimated reading time\" \/>\n\t<meta name=\"twitter:data1\" content=\"2 minutes\" \/>\n<script type=\"application\/ld+json\" class=\"yoast-schema-graph\">{\"@context\":\"https:\\\/\\\/schema.org\",\"@graph\":[{\"@type\":\"WebPage\",\"@id\":\"https:\\\/\\\/socofujairah.ae\\\/product\\\/introduction-geometric-kufic-calligraphy\\\/\",\"url\":\"https:\\\/\\\/socofujairah.ae\\\/product\\\/introduction-geometric-kufic-calligraphy\\\/\",\"name\":\"\u0645\u062f\u062e\u0644 \u0625\u0644\u0649 \u0627\u0644\u062e\u0637 \u0627\u0644\u0643\u0648\u0641\u064a \u0627\u0644\u0647\u0646\u062f\u0633\u064a: \u0645\u0646 \u0627\u0644\u062d\u0631\u0648\u0641 \u0625\u0644\u0649 \u0627\u0644\u062a\u0643\u0648\u064a\u0646\u0627\u062a \u0627\u0644\u0631\u0648\u062d\u0627\u0646\u064a\u0629 - School of Calligraphy and Ornamentation\",\"isPartOf\":{\"@id\":\"https:\\\/\\\/socofujairah.ae\\\/ar\\\/#website\"},\"primaryImageOfPage\":{\"@id\":\"https:\\\/\\\/socofujairah.ae\\\/product\\\/introduction-geometric-kufic-calligraphy\\\/#primaryimage\"},\"image\":{\"@id\":\"https:\\\/\\\/socofujairah.ae\\\/product\\\/introduction-geometric-kufic-calligraphy\\\/#primaryimage\"},\"thumbnailUrl\":\"https:\\\/\\\/socofujairah.ae\\\/wp-content\\\/uploads\\\/2026\\\/03\\\/elifhalegokcen_geometrickufic_workshop3.png\",\"datePublished\":\"2026-03-19T19:25:29+00:00\",\"dateModified\":\"2026-03-19T19:33:14+00:00\",\"breadcrumb\":{\"@id\":\"https:\\\/\\\/socofujairah.ae\\\/product\\\/introduction-geometric-kufic-calligraphy\\\/#breadcrumb\"},\"inLanguage\":\"en-GB\",\"potentialAction\":[{\"@type\":\"ReadAction\",\"target\":[\"https:\\\/\\\/socofujairah.ae\\\/product\\\/introduction-geometric-kufic-calligraphy\\\/\"]}]},{\"@type\":\"ImageObject\",\"inLanguage\":\"en-GB\",\"@id\":\"https:\\\/\\\/socofujairah.ae\\\/product\\\/introduction-geometric-kufic-calligraphy\\\/#primaryimage\",\"url\":\"https:\\\/\\\/socofujairah.ae\\\/wp-content\\\/uploads\\\/2026\\\/03\\\/elifhalegokcen_geometrickufic_workshop3.png\",\"contentUrl\":\"https:\\\/\\\/socofujairah.ae\\\/wp-content\\\/uploads\\\/2026\\\/03\\\/elifhalegokcen_geometrickufic_workshop3.png\",\"width\":1146,\"height\":1440},{\"@type\":\"BreadcrumbList\",\"@id\":\"https:\\\/\\\/socofujairah.ae\\\/product\\\/introduction-geometric-kufic-calligraphy\\\/#breadcrumb\",\"itemListElement\":[{\"@type\":\"ListItem\",\"position\":1,\"name\":\"Home\",\"item\":\"https:\\\/\\\/socofujairah.ae\\\/\"},{\"@type\":\"ListItem\",\"position\":2,\"name\":\"Products\",\"item\":\"https:\\\/\\\/socofujairah.ae\\\/shop\\\/\"},{\"@type\":\"ListItem\",\"position\":3,\"name\":\"\u0645\u062f\u062e\u0644 \u0625\u0644\u0649 \u0627\u0644\u062e\u0637 \u0627\u0644\u0643\u0648\u0641\u064a \u0627\u0644\u0647\u0646\u062f\u0633\u064a: \u0645\u0646 \u0627\u0644\u062d\u0631\u0648\u0641 \u0625\u0644\u0649 \u0627\u0644\u062a\u0643\u0648\u064a\u0646\u0627\u062a \u0627\u0644\u0631\u0648\u062d\u0627\u0646\u064a\u0629\"}]},{\"@type\":\"WebSite\",\"@id\":\"https:\\\/\\\/socofujairah.ae\\\/ar\\\/#website\",\"url\":\"https:\\\/\\\/socofujairah.ae\\\/ar\\\/\",\"name\":\"School of Calligraphy and Ornamentation\",\"description\":\"A new specialised art school in Fujairah, UAE\",\"publisher\":{\"@id\":\"https:\\\/\\\/socofujairah.ae\\\/ar\\\/#organization\"},\"potentialAction\":[{\"@type\":\"SearchAction\",\"target\":{\"@type\":\"EntryPoint\",\"urlTemplate\":\"https:\\\/\\\/socofujairah.ae\\\/ar\\\/?s={search_term_string}\"},\"query-input\":{\"@type\":\"PropertyValueSpecification\",\"valueRequired\":true,\"valueName\":\"search_term_string\"}}],\"inLanguage\":\"en-GB\"},{\"@type\":\"Organization\",\"@id\":\"https:\\\/\\\/socofujairah.ae\\\/ar\\\/#organization\",\"name\":\"School of Calligraphy and Ornamentation\",\"alternateName\":\"SoCO\",\"url\":\"https:\\\/\\\/socofujairah.ae\\\/ar\\\/\",\"logo\":{\"@type\":\"ImageObject\",\"inLanguage\":\"en-GB\",\"@id\":\"https:\\\/\\\/socofujairah.ae\\\/ar\\\/#\\\/schema\\\/logo\\\/image\\\/\",\"url\":\"https:\\\/\\\/socofujairah.ae\\\/wp-content\\\/uploads\\\/2023\\\/06\\\/SOCO_Mar25-03.png\",\"contentUrl\":\"https:\\\/\\\/socofujairah.ae\\\/wp-content\\\/uploads\\\/2023\\\/06\\\/SOCO_Mar25-03.png\",\"width\":4325,\"height\":1438,\"caption\":\"School of Calligraphy and Ornamentation\"},\"image\":{\"@id\":\"https:\\\/\\\/socofujairah.ae\\\/ar\\\/#\\\/schema\\\/logo\\\/image\\\/\"}}]}<\/script>\n<!-- \/ Yoast SEO plugin. -->","yoast_head_json":{"title":"\u0645\u062f\u062e\u0644 \u0625\u0644\u0649 \u0627\u0644\u062e\u0637 \u0627\u0644\u0643\u0648\u0641\u064a \u0627\u0644\u0647\u0646\u062f\u0633\u064a: \u0645\u0646 \u0627\u0644\u062d\u0631\u0648\u0641 \u0625\u0644\u0649 \u0627\u0644\u062a\u0643\u0648\u064a\u0646\u0627\u062a \u0627\u0644\u0631\u0648\u062d\u0627\u0646\u064a\u0629 - School of Calligraphy and Ornamentation","robots":{"index":"index","follow":"follow","max-snippet":"max-snippet:-1","max-image-preview":"max-image-preview:large","max-video-preview":"max-video-preview:-1"},"canonical":"https:\/\/socofujairah.ae\/en\/product\/introduction-geometric-kufic-calligraphy\/","og_locale":"en_GB","og_type":"article","og_title":"\u0645\u062f\u062e\u0644 \u0625\u0644\u0649 \u0627\u0644\u062e\u0637 \u0627\u0644\u0643\u0648\u0641\u064a \u0627\u0644\u0647\u0646\u062f\u0633\u064a: \u0645\u0646 \u0627\u0644\u062d\u0631\u0648\u0641 \u0625\u0644\u0649 \u0627\u0644\u062a\u0643\u0648\u064a\u0646\u0627\u062a \u0627\u0644\u0631\u0648\u062d\u0627\u0646\u064a\u0629 - School of Calligraphy and Ornamentation","og_description":"\u062a\u0642\u062f\u0645 \u0647\u0630\u0647 \u0627\u0644\u062f\u0648\u0631\u0629 \u0645\u062f\u062e\u0644\u064b\u0627 \u0625\u0644\u0649 \u0641\u0646 \u0627\u0644\u062e\u0637 \u0627\u0644\u0643\u0648\u0641\u064a \u0627\u0644\u0647\u0646\u062f\u0633\u064a\u060c \u0623\u062d\u062f \u0623\u0642\u062f\u0645 \u0648\u0623\u0642\u0648\u0649 \u0623\u0646\u0645\u0627\u0637 \u0627\u0644\u062e\u0637 \u0627\u0644\u0639\u0631\u0628\u064a \u0645\u0646 \u062d\u064a\u062b \u0627\u0644\u0628\u0646\u064a\u0629 \u0627\u0644\u0628\u0635\u0631\u064a\u0629 \u0648\u0627\u0644\u0647\u0646\u062f\u0633\u064a\u0629. \u064a\u062a\u0645\u064a\u0632 \u0647\u0630\u0627 \u0627\u0644\u062e\u0637 \u0628\u0628\u0646\u0627\u0626\u0647 \u0627\u0644\u0642\u0627\u0626\u0645 \u0639\u0644\u0649 \u0634\u0628\u0643\u0629 \u0645\u0646 \u0627\u0644\u062e\u0637\u0648\u0637 \u0627\u0644\u0645\u0633\u062a\u0642\u064a\u0645\u0629 \u0648\u0627\u0644\u0645\u0631\u0628\u0639\u0627\u062a\u060c \u0645\u0645\u0627 \u064a\u0645\u0646\u062d\u0647 \u0637\u0627\u0628\u0639\u064b\u0627 \u0645\u0639\u0645\u0627\u0631\u064a\u064b\u0627 \u0645\u0645\u064a\u0632\u064b\u0627 \u0627\u0633\u062a\u062e\u062f\u0645 \u0639\u0628\u0631 \u0627\u0644\u062a\u0627\u0631\u064a\u062e \u0641\u064a \u062a\u0632\u064a\u064a\u0646 \u0627\u0644\u0645\u0633\u0627\u062c\u062f \u0648\u0627\u0644\u0642\u0635\u0648\u0631 \u0648\u0627\u0644\u0645\u062e\u0637\u0648\u0637\u0627\u062a. \u064a\u062a\u0639\u0644\u0645 \u0627\u0644\u0645\u0634\u0627\u0631\u0643\u0648\u0646 \u0643\u064a\u0641\u064a\u0629 \u0628\u0646\u0627\u0621 \u0627\u0644\u062d\u0631\u0648\u0641 \u0627\u0644\u0643\u0648\u0641\u064a\u0629 \u0628\u0627\u0633\u062a\u062e\u062f\u0627\u0645 \u0646\u0638\u0627\u0645 \u0634\u0628\u0643\u064a \u062f\u0642\u064a\u0642\u060c \u0648\u0641\u0647\u0645 [&hellip;]","og_url":"https:\/\/socofujairah.ae\/en\/product\/introduction-geometric-kufic-calligraphy\/","og_site_name":"School of Calligraphy and Ornamentation","article_modified_time":"2026-03-19T19:33:14+00:00","og_image":[{"width":815,"height":1024,"url":"https:\/\/socofujairah.ae\/wp-content\/uploads\/2026\/03\/elifhalegokcen_geometrickufic_workshop3-815x1024.png","type":"image\/png"}],"twitter_card":"summary_large_image","twitter_misc":{"Estimated reading time":"2 minutes"},"schema":{"@context":"https:\/\/schema.org","@graph":[{"@type":"WebPage","@id":"https:\/\/socofujairah.ae\/product\/introduction-geometric-kufic-calligraphy\/","url":"https:\/\/socofujairah.ae\/product\/introduction-geometric-kufic-calligraphy\/","name":"\u0645\u062f\u062e\u0644 \u0625\u0644\u0649 \u0627\u0644\u062e\u0637 \u0627\u0644\u0643\u0648\u0641\u064a \u0627\u0644\u0647\u0646\u062f\u0633\u064a: \u0645\u0646 \u0627\u0644\u062d\u0631\u0648\u0641 \u0625\u0644\u0649 \u0627\u0644\u062a\u0643\u0648\u064a\u0646\u0627\u062a \u0627\u0644\u0631\u0648\u062d\u0627\u0646\u064a\u0629 - School of Calligraphy and Ornamentation","isPartOf":{"@id":"https:\/\/socofujairah.ae\/ar\/#website"},"primaryImageOfPage":{"@id":"https:\/\/socofujairah.ae\/product\/introduction-geometric-kufic-calligraphy\/#primaryimage"},"image":{"@id":"https:\/\/socofujairah.ae\/product\/introduction-geometric-kufic-calligraphy\/#primaryimage"},"thumbnailUrl":"https:\/\/socofujairah.ae\/wp-content\/uploads\/2026\/03\/elifhalegokcen_geometrickufic_workshop3.png","datePublished":"2026-03-19T19:25:29+00:00","dateModified":"2026-03-19T19:33:14+00:00","breadcrumb":{"@id":"https:\/\/socofujairah.ae\/product\/introduction-geometric-kufic-calligraphy\/#breadcrumb"},"inLanguage":"en-GB","potentialAction":[{"@type":"ReadAction","target":["https:\/\/socofujairah.ae\/product\/introduction-geometric-kufic-calligraphy\/"]}]},{"@type":"ImageObject","inLanguage":"en-GB","@id":"https:\/\/socofujairah.ae\/product\/introduction-geometric-kufic-calligraphy\/#primaryimage","url":"https:\/\/socofujairah.ae\/wp-content\/uploads\/2026\/03\/elifhalegokcen_geometrickufic_workshop3.png","contentUrl":"https:\/\/socofujairah.ae\/wp-content\/uploads\/2026\/03\/elifhalegokcen_geometrickufic_workshop3.png","width":1146,"height":1440},{"@type":"BreadcrumbList","@id":"https:\/\/socofujairah.ae\/product\/introduction-geometric-kufic-calligraphy\/#breadcrumb","itemListElement":[{"@type":"ListItem","position":1,"name":"Home","item":"https:\/\/socofujairah.ae\/"},{"@type":"ListItem","position":2,"name":"Products","item":"https:\/\/socofujairah.ae\/shop\/"},{"@type":"ListItem","position":3,"name":"\u0645\u062f\u062e\u0644 \u0625\u0644\u0649 \u0627\u0644\u062e\u0637 \u0627\u0644\u0643\u0648\u0641\u064a \u0627\u0644\u0647\u0646\u062f\u0633\u064a: \u0645\u0646 \u0627\u0644\u062d\u0631\u0648\u0641 \u0625\u0644\u0649 \u0627\u0644\u062a\u0643\u0648\u064a\u0646\u0627\u062a \u0627\u0644\u0631\u0648\u062d\u0627\u0646\u064a\u0629"}]},{"@type":"WebSite","@id":"https:\/\/socofujairah.ae\/ar\/#website","url":"https:\/\/socofujairah.ae\/ar\/","name":"School of Calligraphy and Ornamentation","description":"A new specialised art school in Fujairah, UAE","publisher":{"@id":"https:\/\/socofujairah.ae\/ar\/#organization"},"potentialAction":[{"@type":"SearchAction","target":{"@type":"EntryPoint","urlTemplate":"https:\/\/socofujairah.ae\/ar\/?s={search_term_string}"},"query-input":{"@type":"PropertyValueSpecification","valueRequired":true,"valueName":"search_term_string"}}],"inLanguage":"en-GB"},{"@type":"Organization","@id":"https:\/\/socofujairah.ae\/ar\/#organization","name":"School of Calligraphy and Ornamentation","alternateName":"SoCO","url":"https:\/\/socofujairah.ae\/ar\/","logo":{"@type":"ImageObject","inLanguage":"en-GB","@id":"https:\/\/socofujairah.ae\/ar\/#\/schema\/logo\/image\/","url":"https:\/\/socofujairah.ae\/wp-content\/uploads\/2023\/06\/SOCO_Mar25-03.png","contentUrl":"https:\/\/socofujairah.ae\/wp-content\/uploads\/2023\/06\/SOCO_Mar25-03.png","width":4325,"height":1438,"caption":"School of Calligraphy and Ornamentation"},"image":{"@id":"https:\/\/socofujairah.ae\/ar\/#\/schema\/logo\/image\/"}}]}},"_links":{"self":[{"href":"https:\/\/socofujairah.ae\/en\/wp-json\/wp\/v2\/product\/9535","targetHints":{"allow":["GET"]}}],"collection":[{"href":"https:\/\/socofujairah.ae\/en\/wp-json\/wp\/v2\/product"}],"about":[{"href":"https:\/\/socofujairah.ae\/en\/wp-json\/wp\/v2\/types\/product"}],"wp:featuredmedia":[{"embeddable":true,"href":"https:\/\/socofujairah.ae\/en\/wp-json\/wp\/v2\/media\/9539"}],"wp:attachment":[{"href":"https:\/\/socofujairah.ae\/en\/wp-json\/wp\/v2\/media?parent=9535"}],"wp:term":[{"taxonomy":"product_brand","embeddable":true,"href":"https:\/\/socofujairah.ae\/en\/wp-json\/wp\/v2\/product_brand?post=9535"},{"taxonomy":"product_cat","embeddable":true,"href":"https:\/\/socofujairah.ae\/en\/wp-json\/wp\/v2\/product_cat?post=9535"},{"taxonomy":"product_tag","embeddable":true,"href":"https:\/\/socofujairah.ae\/en\/wp-json\/wp\/v2\/product_tag?post=9535"}],"curies":[{"name":"wp","href":"https:\/\/api.w.org\/{rel}","templated":true}]}}