{"id":7407,"date":"2025-09-26T10:43:42","date_gmt":"2025-09-26T06:43:42","guid":{"rendered":"https:\/\/socofujairah.ae\/?post_type=product&#038;p=7407"},"modified":"2025-10-07T11:45:47","modified_gmt":"2025-10-07T07:45:47","slug":"aw-nama","status":"publish","type":"product","link":"https:\/\/socofujairah.ae\/en\/product\/aw-nama\/","title":{"rendered":"Golden Touches - Islamic Gilding and Decoration"},"content":{"rendered":"<h3 style=\"text-align: right;\">About<\/h3>\n<p style=\"text-align: right;\">A fun, hands-on workshop for beginners and art enthusiasts, aimed at introducing the art of Islamic illumination, its historical significance, and its role in manuscripts and architecture. Participants will receive a simplified decorative design, which they will transfer onto their own paper and then color it with appropriate colors under the direct supervision of the instructor. The workshop combines artistic enjoyment and practical application, introducing the basics of illumination and decoration in a simple and interactive manner.<\/p>\n<p style=\"text-align: right;\" data-start=\"1223\" data-end=\"1273\">Date<\/p>\n<p style=\"text-align: right;\" data-start=\"1223\" data-end=\"1273\">Thursday, October 23 \u2013 10:30 AM to 12:30 PM<\/p>\n<h3 style=\"text-align: right;\" data-start=\"1223\" data-end=\"1273\">Target group<\/h3>\n<p style=\"text-align: right;\" data-start=\"1223\" data-end=\"1273\"><strong data-start=\"1245\" data-end=\"1279\">Adults (Ages 16+)<\/strong><\/p>\n<p dir=\"rtl\">SOCO, 17th Floor, Learning Space 3<\/p>\n<h3 dir=\"rtl\">Instructor:<\/h3>\n<p style=\"text-align: right;\"><img fetchpriority=\"high\" decoding=\"async\" class=\"wp-image-7410 alignleft\" src=\"https:\/\/socofujairah.ae\/wp-content\/uploads\/2025\/09\/IMG_3589.heic\" alt=\"\" width=\"261\" height=\"348\" \/>Namariq Ali Mohammed is a Sudanese artist based in the UAE, specializing in book arts and illumination. She obtained a Bachelor of Fine Arts from the Sudan University of Science and Technology in 2009, specializing in Arabic and Latin calligraphy. She then moved to Turkey to pursue her postgraduate studies, where she earned a Master's degree in the art of illumination from Sultan Mehmet Al-Fatih University in 2022 under the supervision of Professor Mustafa \u00c7elebi. She is currently pursuing a PhD in traditional arts. She worked in Mustafa \u00c7elebi's studio in Istanbul and had the honour of illuminating works by the world-renowned calligrapher Hassan \u00c7elebi. She also studied the art of miniatures for two years, gave workshops on Islamic architecture, and since 2010 has participated in international exhibitions and events inside and outside Turkey. Today, she is considered one of the most prominent Arab figures in the field of illumination, and through her work, she seeks to deepen understanding of the history and philosophy of this ancient art.<\/p>","protected":false},"excerpt":{"rendered":"<p>\u0639\u0646 \u0627\u0644\u0648\u0631\u0634\u0629 \u0648\u0631\u0634\u0629 \u0639\u0645\u0644\u064a\u0629 \u0645\u0645\u062a\u0639\u0629 \u0648\u0645\u0648\u062c\u0651\u0647\u0629 \u0644\u0644\u0645\u0628\u062a\u062f\u0626\u064a\u0646 \u0648\u0645\u062d\u0628\u064a \u0627\u0644\u0641\u0646\u0648\u0646\u060c \u062a\u0647\u062f\u0641 \u0625\u0644\u0649 \u0627\u0644\u062a\u0639\u0631\u064a\u0641 \u0628\u0641\u0646 \u0627\u0644\u062a\u0630\u0647\u064a\u0628 \u0627\u0644\u0625\u0633\u0644\u0627\u0645\u064a \u0648\u0623\u0647\u0645\u064a\u062a\u0647 \u0627\u0644\u062a\u0627\u0631\u064a\u062e\u064a\u0629 \u0648\u062f\u0648\u0631\u0647 \u0641\u064a \u0627\u0644\u0645\u062e\u0637\u0648\u0637\u0627\u062a \u0648\u0627\u0644\u0639\u0645\u0627\u0631\u0629. \u064a\u062d\u0635\u0644 \u0627\u0644\u0645\u0634\u0627\u0631\u0643\u0648\u0646 \u0639\u0644\u0649 \u062a\u0635\u0645\u064a\u0645 \u0632\u062e\u0631\u0641\u064a \u0645\u0628\u0633\u0637 \u064a\u0642\u0648\u0645\u0648\u0646 \u0628\u0646\u0642\u0644\u0647 \u0625\u0644\u0649 \u0648\u0631\u0642\u0647\u0645 \u0627\u0644\u062e\u0627\u0635\u060c \u062b\u0645 \u062a\u0644\u0648\u064a\u0646\u0647 \u0628\u0627\u0644\u0623\u0644\u0648\u0627\u0646 \u0627\u0644\u0645\u0646\u0627\u0633\u0628\u0629 \u062a\u062d\u062a \u0625\u0634\u0631\u0627\u0641 \u0645\u0628\u0627\u0634\u0631 \u0645\u0646 \u0627\u0644\u0645\u062f\u0631\u0628\u0629. \u062a\u062c\u0645\u0639 \u0627\u0644\u0648\u0631\u0634\u0629 \u0628\u064a\u0646 \u0627\u0644\u0645\u062a\u0639\u0629 \u0627\u0644\u0641\u0646\u064a\u0629 \u0648\u0627\u0644\u062a\u0637\u0628\u064a\u0642 \u0627\u0644\u0639\u0645\u0644\u064a\u060c \u0648\u062a\u0639\u0631\u0651\u0641 \u0628\u0623\u0633\u0627\u0633\u064a\u0627\u062a \u0627\u0644\u062a\u0630\u0647\u064a\u0628 \u0648\u0627\u0644\u0632\u062e\u0631\u0641\u0629 \u0628\u0637\u0631\u064a\u0642\u0629 \u0645\u0628\u0633\u0637\u0629 \u0648\u062a\u0641\u0627\u0639\u0644\u064a\u0629 [&hellip;]<\/p>\n","protected":false},"featured_media":7409,"template":"","meta":[],"product_brand":[],"product_cat":[54],"product_tag":[],"class_list":{"0":"post-7407","1":"product","2":"type-product","3":"status-publish","4":"has-post-thumbnail","6":"product_cat-art-week","8":"first","9":"outofstock","10":"virtual","11":"purchasable","12":"product-type-simple"},"ams_default_variation_id":0,"ams_product_points_reward":[],"ams_product_discount_percentage":0,"ams_price_to_display":0,"ams_acf":[],"yoast_head":"<!-- This site is optimized with the Yoast SEO plugin v27.3 - https:\/\/yoast.com\/product\/yoast-seo-wordpress\/ -->\n<title>\u0644\u0645\u0633\u0627\u062a \u0630\u0647\u0628\u064a\u0629- \u0648\u0631\u0634\u0629 \u0641\u0646 \u0627\u0644\u062a\u0630\u0647\u064a\u0628 \u0648\u0627\u0644\u0632\u062e\u0631\u0641\u0629 \u0627\u0644\u0627\u0633\u0644\u0627\u0645\u064a\u0629 - School of Calligraphy and Ornamentation<\/title>\n<meta name=\"robots\" content=\"index, follow, max-snippet:-1, max-image-preview:large, max-video-preview:-1\" \/>\n<link rel=\"canonical\" href=\"https:\/\/socofujairah.ae\/en\/product\/aw-nama\/\" \/>\n<meta property=\"og:locale\" content=\"en_GB\" \/>\n<meta property=\"og:type\" content=\"article\" \/>\n<meta property=\"og:title\" content=\"\u0644\u0645\u0633\u0627\u062a \u0630\u0647\u0628\u064a\u0629- \u0648\u0631\u0634\u0629 \u0641\u0646 \u0627\u0644\u062a\u0630\u0647\u064a\u0628 \u0648\u0627\u0644\u0632\u062e\u0631\u0641\u0629 \u0627\u0644\u0627\u0633\u0644\u0627\u0645\u064a\u0629 - School of Calligraphy and Ornamentation\" \/>\n<meta property=\"og:description\" content=\"\u0639\u0646 \u0627\u0644\u0648\u0631\u0634\u0629 \u0648\u0631\u0634\u0629 \u0639\u0645\u0644\u064a\u0629 \u0645\u0645\u062a\u0639\u0629 \u0648\u0645\u0648\u062c\u0651\u0647\u0629 \u0644\u0644\u0645\u0628\u062a\u062f\u0626\u064a\u0646 \u0648\u0645\u062d\u0628\u064a \u0627\u0644\u0641\u0646\u0648\u0646\u060c \u062a\u0647\u062f\u0641 \u0625\u0644\u0649 \u0627\u0644\u062a\u0639\u0631\u064a\u0641 \u0628\u0641\u0646 \u0627\u0644\u062a\u0630\u0647\u064a\u0628 \u0627\u0644\u0625\u0633\u0644\u0627\u0645\u064a \u0648\u0623\u0647\u0645\u064a\u062a\u0647 \u0627\u0644\u062a\u0627\u0631\u064a\u062e\u064a\u0629 \u0648\u062f\u0648\u0631\u0647 \u0641\u064a \u0627\u0644\u0645\u062e\u0637\u0648\u0637\u0627\u062a \u0648\u0627\u0644\u0639\u0645\u0627\u0631\u0629. \u064a\u062d\u0635\u0644 \u0627\u0644\u0645\u0634\u0627\u0631\u0643\u0648\u0646 \u0639\u0644\u0649 \u062a\u0635\u0645\u064a\u0645 \u0632\u062e\u0631\u0641\u064a \u0645\u0628\u0633\u0637 \u064a\u0642\u0648\u0645\u0648\u0646 \u0628\u0646\u0642\u0644\u0647 \u0625\u0644\u0649 \u0648\u0631\u0642\u0647\u0645 \u0627\u0644\u062e\u0627\u0635\u060c \u062b\u0645 \u062a\u0644\u0648\u064a\u0646\u0647 \u0628\u0627\u0644\u0623\u0644\u0648\u0627\u0646 \u0627\u0644\u0645\u0646\u0627\u0633\u0628\u0629 \u062a\u062d\u062a \u0625\u0634\u0631\u0627\u0641 \u0645\u0628\u0627\u0634\u0631 \u0645\u0646 \u0627\u0644\u0645\u062f\u0631\u0628\u0629. \u062a\u062c\u0645\u0639 \u0627\u0644\u0648\u0631\u0634\u0629 \u0628\u064a\u0646 \u0627\u0644\u0645\u062a\u0639\u0629 \u0627\u0644\u0641\u0646\u064a\u0629 \u0648\u0627\u0644\u062a\u0637\u0628\u064a\u0642 \u0627\u0644\u0639\u0645\u0644\u064a\u060c \u0648\u062a\u0639\u0631\u0651\u0641 \u0628\u0623\u0633\u0627\u0633\u064a\u0627\u062a \u0627\u0644\u062a\u0630\u0647\u064a\u0628 \u0648\u0627\u0644\u0632\u062e\u0631\u0641\u0629 \u0628\u0637\u0631\u064a\u0642\u0629 \u0645\u0628\u0633\u0637\u0629 \u0648\u062a\u0641\u0627\u0639\u0644\u064a\u0629 [&hellip;]\" \/>\n<meta property=\"og:url\" content=\"https:\/\/socofujairah.ae\/en\/product\/aw-nama\/\" \/>\n<meta property=\"og:site_name\" content=\"School of Calligraphy and Ornamentation\" \/>\n<meta property=\"article:modified_time\" content=\"2025-10-07T07:45:47+00:00\" \/>\n<meta property=\"og:image\" content=\"https:\/\/socofujairah.ae\/wp-content\/uploads\/2025\/09\/IMG_20220530_173605-scaled.jpg\" \/>\n\t<meta property=\"og:image:width\" content=\"1920\" \/>\n\t<meta property=\"og:image:height\" content=\"2560\" \/>\n\t<meta property=\"og:image:type\" content=\"image\/jpeg\" \/>\n<meta name=\"twitter:card\" content=\"summary_large_image\" \/>\n<meta name=\"twitter:label1\" content=\"Estimated reading time\" \/>\n\t<meta name=\"twitter:data1\" content=\"2 minutes\" \/>\n<script type=\"application\/ld+json\" class=\"yoast-schema-graph\">{\"@context\":\"https:\\\/\\\/schema.org\",\"@graph\":[{\"@type\":\"WebPage\",\"@id\":\"https:\\\/\\\/socofujairah.ae\\\/product\\\/aw-nama\\\/\",\"url\":\"https:\\\/\\\/socofujairah.ae\\\/product\\\/aw-nama\\\/\",\"name\":\"\u0644\u0645\u0633\u0627\u062a \u0630\u0647\u0628\u064a\u0629- \u0648\u0631\u0634\u0629 \u0641\u0646 \u0627\u0644\u062a\u0630\u0647\u064a\u0628 \u0648\u0627\u0644\u0632\u062e\u0631\u0641\u0629 \u0627\u0644\u0627\u0633\u0644\u0627\u0645\u064a\u0629 - School of Calligraphy and Ornamentation\",\"isPartOf\":{\"@id\":\"https:\\\/\\\/socofujairah.ae\\\/ar\\\/#website\"},\"primaryImageOfPage\":{\"@id\":\"https:\\\/\\\/socofujairah.ae\\\/product\\\/aw-nama\\\/#primaryimage\"},\"image\":{\"@id\":\"https:\\\/\\\/socofujairah.ae\\\/product\\\/aw-nama\\\/#primaryimage\"},\"thumbnailUrl\":\"https:\\\/\\\/socofujairah.ae\\\/wp-content\\\/uploads\\\/2025\\\/09\\\/IMG_20220530_173605-scaled.jpg\",\"datePublished\":\"2025-09-26T06:43:42+00:00\",\"dateModified\":\"2025-10-07T07:45:47+00:00\",\"breadcrumb\":{\"@id\":\"https:\\\/\\\/socofujairah.ae\\\/product\\\/aw-nama\\\/#breadcrumb\"},\"inLanguage\":\"en-GB\",\"potentialAction\":[{\"@type\":\"ReadAction\",\"target\":[\"https:\\\/\\\/socofujairah.ae\\\/product\\\/aw-nama\\\/\"]}]},{\"@type\":\"ImageObject\",\"inLanguage\":\"en-GB\",\"@id\":\"https:\\\/\\\/socofujairah.ae\\\/product\\\/aw-nama\\\/#primaryimage\",\"url\":\"https:\\\/\\\/socofujairah.ae\\\/wp-content\\\/uploads\\\/2025\\\/09\\\/IMG_20220530_173605-scaled.jpg\",\"contentUrl\":\"https:\\\/\\\/socofujairah.ae\\\/wp-content\\\/uploads\\\/2025\\\/09\\\/IMG_20220530_173605-scaled.jpg\",\"width\":1920,\"height\":2560},{\"@type\":\"BreadcrumbList\",\"@id\":\"https:\\\/\\\/socofujairah.ae\\\/product\\\/aw-nama\\\/#breadcrumb\",\"itemListElement\":[{\"@type\":\"ListItem\",\"position\":1,\"name\":\"Home\",\"item\":\"https:\\\/\\\/socofujairah.ae\\\/\"},{\"@type\":\"ListItem\",\"position\":2,\"name\":\"Products\",\"item\":\"https:\\\/\\\/socofujairah.ae\\\/shop\\\/\"},{\"@type\":\"ListItem\",\"position\":3,\"name\":\"\u0644\u0645\u0633\u0627\u062a \u0630\u0647\u0628\u064a\u0629- \u0648\u0631\u0634\u0629 \u0641\u0646 \u0627\u0644\u062a\u0630\u0647\u064a\u0628 \u0648\u0627\u0644\u0632\u062e\u0631\u0641\u0629 \u0627\u0644\u0627\u0633\u0644\u0627\u0645\u064a\u0629\"}]},{\"@type\":\"WebSite\",\"@id\":\"https:\\\/\\\/socofujairah.ae\\\/ar\\\/#website\",\"url\":\"https:\\\/\\\/socofujairah.ae\\\/ar\\\/\",\"name\":\"School of Calligraphy and Ornamentation\",\"description\":\"A new specialised art school in Fujairah, UAE\",\"publisher\":{\"@id\":\"https:\\\/\\\/socofujairah.ae\\\/ar\\\/#organization\"},\"potentialAction\":[{\"@type\":\"SearchAction\",\"target\":{\"@type\":\"EntryPoint\",\"urlTemplate\":\"https:\\\/\\\/socofujairah.ae\\\/ar\\\/?s={search_term_string}\"},\"query-input\":{\"@type\":\"PropertyValueSpecification\",\"valueRequired\":true,\"valueName\":\"search_term_string\"}}],\"inLanguage\":\"en-GB\"},{\"@type\":\"Organization\",\"@id\":\"https:\\\/\\\/socofujairah.ae\\\/ar\\\/#organization\",\"name\":\"School of Calligraphy and Ornamentation\",\"alternateName\":\"SoCO\",\"url\":\"https:\\\/\\\/socofujairah.ae\\\/ar\\\/\",\"logo\":{\"@type\":\"ImageObject\",\"inLanguage\":\"en-GB\",\"@id\":\"https:\\\/\\\/socofujairah.ae\\\/ar\\\/#\\\/schema\\\/logo\\\/image\\\/\",\"url\":\"https:\\\/\\\/socofujairah.ae\\\/wp-content\\\/uploads\\\/2023\\\/06\\\/SOCO_Mar25-03.png\",\"contentUrl\":\"https:\\\/\\\/socofujairah.ae\\\/wp-content\\\/uploads\\\/2023\\\/06\\\/SOCO_Mar25-03.png\",\"width\":4325,\"height\":1438,\"caption\":\"School of Calligraphy and Ornamentation\"},\"image\":{\"@id\":\"https:\\\/\\\/socofujairah.ae\\\/ar\\\/#\\\/schema\\\/logo\\\/image\\\/\"}}]}<\/script>\n<!-- \/ Yoast SEO plugin. -->","yoast_head_json":{"title":"\u0644\u0645\u0633\u0627\u062a \u0630\u0647\u0628\u064a\u0629- \u0648\u0631\u0634\u0629 \u0641\u0646 \u0627\u0644\u062a\u0630\u0647\u064a\u0628 \u0648\u0627\u0644\u0632\u062e\u0631\u0641\u0629 \u0627\u0644\u0627\u0633\u0644\u0627\u0645\u064a\u0629 - School of Calligraphy and Ornamentation","robots":{"index":"index","follow":"follow","max-snippet":"max-snippet:-1","max-image-preview":"max-image-preview:large","max-video-preview":"max-video-preview:-1"},"canonical":"https:\/\/socofujairah.ae\/en\/product\/aw-nama\/","og_locale":"en_GB","og_type":"article","og_title":"\u0644\u0645\u0633\u0627\u062a \u0630\u0647\u0628\u064a\u0629- \u0648\u0631\u0634\u0629 \u0641\u0646 \u0627\u0644\u062a\u0630\u0647\u064a\u0628 \u0648\u0627\u0644\u0632\u062e\u0631\u0641\u0629 \u0627\u0644\u0627\u0633\u0644\u0627\u0645\u064a\u0629 - School of Calligraphy and Ornamentation","og_description":"\u0639\u0646 \u0627\u0644\u0648\u0631\u0634\u0629 \u0648\u0631\u0634\u0629 \u0639\u0645\u0644\u064a\u0629 \u0645\u0645\u062a\u0639\u0629 \u0648\u0645\u0648\u062c\u0651\u0647\u0629 \u0644\u0644\u0645\u0628\u062a\u062f\u0626\u064a\u0646 \u0648\u0645\u062d\u0628\u064a \u0627\u0644\u0641\u0646\u0648\u0646\u060c \u062a\u0647\u062f\u0641 \u0625\u0644\u0649 \u0627\u0644\u062a\u0639\u0631\u064a\u0641 \u0628\u0641\u0646 \u0627\u0644\u062a\u0630\u0647\u064a\u0628 \u0627\u0644\u0625\u0633\u0644\u0627\u0645\u064a \u0648\u0623\u0647\u0645\u064a\u062a\u0647 \u0627\u0644\u062a\u0627\u0631\u064a\u062e\u064a\u0629 \u0648\u062f\u0648\u0631\u0647 \u0641\u064a \u0627\u0644\u0645\u062e\u0637\u0648\u0637\u0627\u062a \u0648\u0627\u0644\u0639\u0645\u0627\u0631\u0629. \u064a\u062d\u0635\u0644 \u0627\u0644\u0645\u0634\u0627\u0631\u0643\u0648\u0646 \u0639\u0644\u0649 \u062a\u0635\u0645\u064a\u0645 \u0632\u062e\u0631\u0641\u064a \u0645\u0628\u0633\u0637 \u064a\u0642\u0648\u0645\u0648\u0646 \u0628\u0646\u0642\u0644\u0647 \u0625\u0644\u0649 \u0648\u0631\u0642\u0647\u0645 \u0627\u0644\u062e\u0627\u0635\u060c \u062b\u0645 \u062a\u0644\u0648\u064a\u0646\u0647 \u0628\u0627\u0644\u0623\u0644\u0648\u0627\u0646 \u0627\u0644\u0645\u0646\u0627\u0633\u0628\u0629 \u062a\u062d\u062a \u0625\u0634\u0631\u0627\u0641 \u0645\u0628\u0627\u0634\u0631 \u0645\u0646 \u0627\u0644\u0645\u062f\u0631\u0628\u0629. \u062a\u062c\u0645\u0639 \u0627\u0644\u0648\u0631\u0634\u0629 \u0628\u064a\u0646 \u0627\u0644\u0645\u062a\u0639\u0629 \u0627\u0644\u0641\u0646\u064a\u0629 \u0648\u0627\u0644\u062a\u0637\u0628\u064a\u0642 \u0627\u0644\u0639\u0645\u0644\u064a\u060c \u0648\u062a\u0639\u0631\u0651\u0641 \u0628\u0623\u0633\u0627\u0633\u064a\u0627\u062a \u0627\u0644\u062a\u0630\u0647\u064a\u0628 \u0648\u0627\u0644\u0632\u062e\u0631\u0641\u0629 \u0628\u0637\u0631\u064a\u0642\u0629 \u0645\u0628\u0633\u0637\u0629 \u0648\u062a\u0641\u0627\u0639\u0644\u064a\u0629 [&hellip;]","og_url":"https:\/\/socofujairah.ae\/en\/product\/aw-nama\/","og_site_name":"School of Calligraphy and Ornamentation","article_modified_time":"2025-10-07T07:45:47+00:00","og_image":[{"width":1920,"height":2560,"url":"https:\/\/socofujairah.ae\/wp-content\/uploads\/2025\/09\/IMG_20220530_173605-scaled.jpg","type":"image\/jpeg"}],"twitter_card":"summary_large_image","twitter_misc":{"Estimated reading time":"2 minutes"},"schema":{"@context":"https:\/\/schema.org","@graph":[{"@type":"WebPage","@id":"https:\/\/socofujairah.ae\/product\/aw-nama\/","url":"https:\/\/socofujairah.ae\/product\/aw-nama\/","name":"\u0644\u0645\u0633\u0627\u062a \u0630\u0647\u0628\u064a\u0629- \u0648\u0631\u0634\u0629 \u0641\u0646 \u0627\u0644\u062a\u0630\u0647\u064a\u0628 \u0648\u0627\u0644\u0632\u062e\u0631\u0641\u0629 \u0627\u0644\u0627\u0633\u0644\u0627\u0645\u064a\u0629 - School of Calligraphy and Ornamentation","isPartOf":{"@id":"https:\/\/socofujairah.ae\/ar\/#website"},"primaryImageOfPage":{"@id":"https:\/\/socofujairah.ae\/product\/aw-nama\/#primaryimage"},"image":{"@id":"https:\/\/socofujairah.ae\/product\/aw-nama\/#primaryimage"},"thumbnailUrl":"https:\/\/socofujairah.ae\/wp-content\/uploads\/2025\/09\/IMG_20220530_173605-scaled.jpg","datePublished":"2025-09-26T06:43:42+00:00","dateModified":"2025-10-07T07:45:47+00:00","breadcrumb":{"@id":"https:\/\/socofujairah.ae\/product\/aw-nama\/#breadcrumb"},"inLanguage":"en-GB","potentialAction":[{"@type":"ReadAction","target":["https:\/\/socofujairah.ae\/product\/aw-nama\/"]}]},{"@type":"ImageObject","inLanguage":"en-GB","@id":"https:\/\/socofujairah.ae\/product\/aw-nama\/#primaryimage","url":"https:\/\/socofujairah.ae\/wp-content\/uploads\/2025\/09\/IMG_20220530_173605-scaled.jpg","contentUrl":"https:\/\/socofujairah.ae\/wp-content\/uploads\/2025\/09\/IMG_20220530_173605-scaled.jpg","width":1920,"height":2560},{"@type":"BreadcrumbList","@id":"https:\/\/socofujairah.ae\/product\/aw-nama\/#breadcrumb","itemListElement":[{"@type":"ListItem","position":1,"name":"Home","item":"https:\/\/socofujairah.ae\/"},{"@type":"ListItem","position":2,"name":"Products","item":"https:\/\/socofujairah.ae\/shop\/"},{"@type":"ListItem","position":3,"name":"\u0644\u0645\u0633\u0627\u062a \u0630\u0647\u0628\u064a\u0629- \u0648\u0631\u0634\u0629 \u0641\u0646 \u0627\u0644\u062a\u0630\u0647\u064a\u0628 \u0648\u0627\u0644\u0632\u062e\u0631\u0641\u0629 \u0627\u0644\u0627\u0633\u0644\u0627\u0645\u064a\u0629"}]},{"@type":"WebSite","@id":"https:\/\/socofujairah.ae\/ar\/#website","url":"https:\/\/socofujairah.ae\/ar\/","name":"School of Calligraphy and Ornamentation","description":"A new specialised art school in Fujairah, UAE","publisher":{"@id":"https:\/\/socofujairah.ae\/ar\/#organization"},"potentialAction":[{"@type":"SearchAction","target":{"@type":"EntryPoint","urlTemplate":"https:\/\/socofujairah.ae\/ar\/?s={search_term_string}"},"query-input":{"@type":"PropertyValueSpecification","valueRequired":true,"valueName":"search_term_string"}}],"inLanguage":"en-GB"},{"@type":"Organization","@id":"https:\/\/socofujairah.ae\/ar\/#organization","name":"School of Calligraphy and Ornamentation","alternateName":"SoCO","url":"https:\/\/socofujairah.ae\/ar\/","logo":{"@type":"ImageObject","inLanguage":"en-GB","@id":"https:\/\/socofujairah.ae\/ar\/#\/schema\/logo\/image\/","url":"https:\/\/socofujairah.ae\/wp-content\/uploads\/2023\/06\/SOCO_Mar25-03.png","contentUrl":"https:\/\/socofujairah.ae\/wp-content\/uploads\/2023\/06\/SOCO_Mar25-03.png","width":4325,"height":1438,"caption":"School of Calligraphy and Ornamentation"},"image":{"@id":"https:\/\/socofujairah.ae\/ar\/#\/schema\/logo\/image\/"}}]}},"_links":{"self":[{"href":"https:\/\/socofujairah.ae\/en\/wp-json\/wp\/v2\/product\/7407","targetHints":{"allow":["GET"]}}],"collection":[{"href":"https:\/\/socofujairah.ae\/en\/wp-json\/wp\/v2\/product"}],"about":[{"href":"https:\/\/socofujairah.ae\/en\/wp-json\/wp\/v2\/types\/product"}],"wp:featuredmedia":[{"embeddable":true,"href":"https:\/\/socofujairah.ae\/en\/wp-json\/wp\/v2\/media\/7409"}],"wp:attachment":[{"href":"https:\/\/socofujairah.ae\/en\/wp-json\/wp\/v2\/media?parent=7407"}],"wp:term":[{"taxonomy":"product_brand","embeddable":true,"href":"https:\/\/socofujairah.ae\/en\/wp-json\/wp\/v2\/product_brand?post=7407"},{"taxonomy":"product_cat","embeddable":true,"href":"https:\/\/socofujairah.ae\/en\/wp-json\/wp\/v2\/product_cat?post=7407"},{"taxonomy":"product_tag","embeddable":true,"href":"https:\/\/socofujairah.ae\/en\/wp-json\/wp\/v2\/product_tag?post=7407"}],"curies":[{"name":"wp","href":"https:\/\/api.w.org\/{rel}","templated":true}]}}