{"id":7195,"date":"2025-09-14T12:46:00","date_gmt":"2025-09-14T08:46:00","guid":{"rendered":"https:\/\/socofujairah.ae\/?post_type=product&#038;p=7195"},"modified":"2025-10-06T17:21:52","modified_gmt":"2025-10-06T13:21:52","slug":"aw-gc","status":"publish","type":"product","link":"https:\/\/socofujairah.ae\/en\/product\/aw-gc\/","title":{"rendered":"Traditional Handmade Notebook Binding"},"content":{"rendered":"<h3 style=\"text-align: right;\">About<\/h3>\n<p style=\"text-align: right;\">This two-day workshop, <strong data-start=\"207\" data-end=\"263\">held in collaboration with Fatih Sultan Mehmet Vak\u0131f University in Istanbul,<\/strong>offers participants a comprehensive experience in the art of hand-binding notebooks using traditional techniques. On the first day, participants learn how to prepare the notebook's interior by cutting and folding the blank sheets into binders, assembling and sewing them with waxed thread and a needle using a traditional technique, and then gluing and reinforcing the spine with fabric. On the second day, work focuses on creating the cover by cutting the panels and covering them with decorative paper, fabric, or marbled paper. The cover is then assembled with the inner core, adding preservation papers and finishing decorative touches.<br data-start=\"731\" data-end=\"734\" \/>By the end of the workshop, each participant will have created a complete handmade notebook that combines practicality with artistic beauty, providing an immersive experience that blends craftsmanship and creativity.<\/p>\n<p style=\"text-align: right;\">Day 1: Tuesday, October 21 \u2013 10:30 to 12:30 AM<\/p>\n<p style=\"text-align: right;\">Day 2: Wednesday, October 22 \u2013 10:30 to 12:30 AM<\/p>\n<p style=\"text-align: right;\" data-start=\"1223\" data-end=\"1273\"><strong data-start=\"1245\" data-end=\"1279\">Adults (Ages 16+)<\/strong><\/p>\n<p dir=\"rtl\">SOCO, 17th Floor, Learning Space 3<\/p>\n<h3 dir=\"rtl\">Instructor:<\/h3>\n<p style=\"text-align: right;\"><img fetchpriority=\"high\" decoding=\"async\" class=\"wp-image-7197 size-medium alignleft\" src=\"https:\/\/socofujairah.ae\/wp-content\/uploads\/2025\/09\/5-2-300x169.jpg\" alt=\"\" width=\"300\" height=\"169\" srcset=\"https:\/\/socofujairah.ae\/wp-content\/uploads\/2025\/09\/5-2-300x169.jpg 300w, https:\/\/socofujairah.ae\/wp-content\/uploads\/2025\/09\/5-2-1024x576.jpg 1024w, https:\/\/socofujairah.ae\/wp-content\/uploads\/2025\/09\/5-2-768x432.jpg 768w, https:\/\/socofujairah.ae\/wp-content\/uploads\/2025\/09\/5-2-1536x864.jpg 1536w, https:\/\/socofujairah.ae\/wp-content\/uploads\/2025\/09\/5-2-2048x1152.jpg 2048w, https:\/\/socofujairah.ae\/wp-content\/uploads\/2025\/09\/5-2-18x10.jpg 18w, https:\/\/socofujairah.ae\/wp-content\/uploads\/2025\/09\/5-2-600x337.jpg 600w\" sizes=\"(max-width: 300px) 100vw, 300px\" \/>G\u00fcl\u015fah \u00c7etin is a Turkish artist specialising in traditional bookbinding and miniature arts. She holds a BA in Traditional Turkish Arts from Fatih Sultan Mehmet Vak\u0131f University and is currently pursuing a Master's degree in the same field. Her work focuses on preserving and reviving Ottoman bookbinding traditions, including glazed binding, miniatures, and manuscript illumination. She has participated in numerous heritage exhibitions and projects, and her ability to combine historical authenticity with contemporary presentation is what inspires a new generation of creatives.<\/p>","protected":false},"excerpt":{"rendered":"<p>\u0639\u0646 \u0627\u0644\u0648\u0631\u0634\u0629 \u062a\u0642\u0627\u0645 \u0647\u0630\u0647 \u0627\u0644\u0648\u0631\u0634\u0629 \u0628\u0627\u0644\u062a\u0639\u0627\u0648\u0646 \u0645\u0639 \u062c\u0627\u0645\u0639\u0629 \u0641\u0627\u062a\u062d \u0633\u0644\u0637\u0627\u0646 \u0645\u062d\u0645\u062f \u0627\u0644\u0648\u0642\u0641\u064a\u0629 \u00a0\u0641\u064a \u0625\u0633\u0637\u0646\u0628\u0648\u0644 \u0648\u0647\u064a \u0639\u0628\u0627\u0631\u0647 \u0639\u0646 \u064a\u0648\u0645\u064a\u0646\u060c \u0648\u062a\u0642\u062f\u0651\u0645 \u062a\u062c\u0631\u0628\u0629 \u0634\u0627\u0645\u0644\u0629 \u0644\u0644\u0645\u0634\u0627\u0631\u0643\u064a\u0646 \u0641\u064a \u0641\u0646 \u062a\u062c\u0644\u064a\u062f \u0627\u0644\u062f\u0641\u0627\u062a\u0631 \u0627\u0644\u064a\u062f\u0648\u064a \u0628\u0627\u0633\u062a\u062e\u062f\u0627\u0645 \u0627\u0644\u062a\u0642\u0646\u064a\u0627\u062a \u0627\u0644\u062a\u0642\u0644\u064a\u062f\u064a\u0629 \u0627\u0644\u0645\u062a\u0648\u0627\u0631\u062b\u0629. \u0641\u064a \u0627\u0644\u064a\u0648\u0645 \u0627\u0644\u0623\u0648\u0644\u060c \u064a\u062a\u0639\u0644\u0645 \u0627\u0644\u0645\u0634\u0627\u0631\u0643\u0648\u0646 \u0643\u064a\u0641\u064a\u0629 \u062a\u062c\u0647\u064a\u0632 \u0627\u0644\u0628\u0646\u064a\u0629 \u0627\u0644\u062f\u0627\u062e\u0644\u064a\u0629 \u0644\u0644\u062f\u0641\u062a\u0631 \u0639\u0628\u0631 \u0642\u0635 \u0648\u0637\u064a \u0627\u0644\u0623\u0648\u0631\u0627\u0642 \u0627\u0644\u0628\u064a\u0636\u0627\u0621 \u0625\u0644\u0649 \u0645\u0644\u0627\u0632\u0645\u060c \u0648\u062a\u062c\u0645\u064a\u0639\u0647\u0627 \u0648\u062e\u064a\u0627\u0637\u062a\u0647\u0627 \u0628\u062e\u064a\u0637 \u0645\u0634\u0645\u0651\u0639 \u0648\u0625\u0628\u0631\u0629 \u0648\u0641\u0642 \u062a\u0642\u0646\u064a\u0629 [&hellip;]<\/p>\n","protected":false},"featured_media":7198,"template":"","meta":[],"product_brand":[],"product_cat":[54],"product_tag":[],"class_list":{"0":"post-7195","1":"product","2":"type-product","3":"status-publish","4":"has-post-thumbnail","6":"product_cat-art-week","8":"first","9":"outofstock","10":"virtual","11":"purchasable","12":"product-type-simple"},"ams_default_variation_id":0,"ams_product_points_reward":[],"ams_product_discount_percentage":0,"ams_price_to_display":0,"ams_acf":[],"yoast_head":"<!-- This site is optimized with the Yoast SEO plugin v27.3 - https:\/\/yoast.com\/product\/yoast-seo-wordpress\/ -->\n<title>\u062a\u062c\u0644\u064a\u062f \u0627\u0644\u062f\u0641\u0627\u062a\u0631 \u0627\u0644\u064a\u062f\u0648\u064a - School of Calligraphy and Ornamentation<\/title>\n<meta name=\"robots\" content=\"index, follow, max-snippet:-1, max-image-preview:large, max-video-preview:-1\" \/>\n<link rel=\"canonical\" href=\"https:\/\/socofujairah.ae\/en\/product\/aw-gc\/\" \/>\n<meta property=\"og:locale\" content=\"en_GB\" \/>\n<meta property=\"og:type\" content=\"article\" \/>\n<meta property=\"og:title\" content=\"\u062a\u062c\u0644\u064a\u062f \u0627\u0644\u062f\u0641\u0627\u062a\u0631 \u0627\u0644\u064a\u062f\u0648\u064a - School of Calligraphy and Ornamentation\" \/>\n<meta property=\"og:description\" content=\"\u0639\u0646 \u0627\u0644\u0648\u0631\u0634\u0629 \u062a\u0642\u0627\u0645 \u0647\u0630\u0647 \u0627\u0644\u0648\u0631\u0634\u0629 \u0628\u0627\u0644\u062a\u0639\u0627\u0648\u0646 \u0645\u0639 \u062c\u0627\u0645\u0639\u0629 \u0641\u0627\u062a\u062d \u0633\u0644\u0637\u0627\u0646 \u0645\u062d\u0645\u062f \u0627\u0644\u0648\u0642\u0641\u064a\u0629 \u00a0\u0641\u064a \u0625\u0633\u0637\u0646\u0628\u0648\u0644 \u0648\u0647\u064a \u0639\u0628\u0627\u0631\u0647 \u0639\u0646 \u064a\u0648\u0645\u064a\u0646\u060c \u0648\u062a\u0642\u062f\u0651\u0645 \u062a\u062c\u0631\u0628\u0629 \u0634\u0627\u0645\u0644\u0629 \u0644\u0644\u0645\u0634\u0627\u0631\u0643\u064a\u0646 \u0641\u064a \u0641\u0646 \u062a\u062c\u0644\u064a\u062f \u0627\u0644\u062f\u0641\u0627\u062a\u0631 \u0627\u0644\u064a\u062f\u0648\u064a \u0628\u0627\u0633\u062a\u062e\u062f\u0627\u0645 \u0627\u0644\u062a\u0642\u0646\u064a\u0627\u062a \u0627\u0644\u062a\u0642\u0644\u064a\u062f\u064a\u0629 \u0627\u0644\u0645\u062a\u0648\u0627\u0631\u062b\u0629. \u0641\u064a \u0627\u0644\u064a\u0648\u0645 \u0627\u0644\u0623\u0648\u0644\u060c \u064a\u062a\u0639\u0644\u0645 \u0627\u0644\u0645\u0634\u0627\u0631\u0643\u0648\u0646 \u0643\u064a\u0641\u064a\u0629 \u062a\u062c\u0647\u064a\u0632 \u0627\u0644\u0628\u0646\u064a\u0629 \u0627\u0644\u062f\u0627\u062e\u0644\u064a\u0629 \u0644\u0644\u062f\u0641\u062a\u0631 \u0639\u0628\u0631 \u0642\u0635 \u0648\u0637\u064a \u0627\u0644\u0623\u0648\u0631\u0627\u0642 \u0627\u0644\u0628\u064a\u0636\u0627\u0621 \u0625\u0644\u0649 \u0645\u0644\u0627\u0632\u0645\u060c \u0648\u062a\u062c\u0645\u064a\u0639\u0647\u0627 \u0648\u062e\u064a\u0627\u0637\u062a\u0647\u0627 \u0628\u062e\u064a\u0637 \u0645\u0634\u0645\u0651\u0639 \u0648\u0625\u0628\u0631\u0629 \u0648\u0641\u0642 \u062a\u0642\u0646\u064a\u0629 [&hellip;]\" \/>\n<meta property=\"og:url\" content=\"https:\/\/socofujairah.ae\/en\/product\/aw-gc\/\" \/>\n<meta property=\"og:site_name\" content=\"School of Calligraphy and Ornamentation\" \/>\n<meta property=\"article:modified_time\" content=\"2025-10-06T13:21:52+00:00\" \/>\n<meta property=\"og:image\" content=\"https:\/\/socofujairah.ae\/wp-content\/uploads\/2025\/09\/2.jpeg\" \/>\n\t<meta property=\"og:image:width\" content=\"1080\" \/>\n\t<meta property=\"og:image:height\" content=\"1086\" \/>\n\t<meta property=\"og:image:type\" content=\"image\/jpeg\" \/>\n<meta name=\"twitter:card\" content=\"summary_large_image\" \/>\n<meta name=\"twitter:label1\" content=\"Estimated reading time\" \/>\n\t<meta name=\"twitter:data1\" content=\"2 minutes\" \/>\n<script type=\"application\/ld+json\" class=\"yoast-schema-graph\">{\"@context\":\"https:\\\/\\\/schema.org\",\"@graph\":[{\"@type\":\"WebPage\",\"@id\":\"https:\\\/\\\/socofujairah.ae\\\/product\\\/aw-gc\\\/\",\"url\":\"https:\\\/\\\/socofujairah.ae\\\/product\\\/aw-gc\\\/\",\"name\":\"\u062a\u062c\u0644\u064a\u062f \u0627\u0644\u062f\u0641\u0627\u062a\u0631 \u0627\u0644\u064a\u062f\u0648\u064a - School of Calligraphy and Ornamentation\",\"isPartOf\":{\"@id\":\"https:\\\/\\\/socofujairah.ae\\\/ar\\\/#website\"},\"primaryImageOfPage\":{\"@id\":\"https:\\\/\\\/socofujairah.ae\\\/product\\\/aw-gc\\\/#primaryimage\"},\"image\":{\"@id\":\"https:\\\/\\\/socofujairah.ae\\\/product\\\/aw-gc\\\/#primaryimage\"},\"thumbnailUrl\":\"https:\\\/\\\/socofujairah.ae\\\/wp-content\\\/uploads\\\/2025\\\/09\\\/2.jpeg\",\"datePublished\":\"2025-09-14T08:46:00+00:00\",\"dateModified\":\"2025-10-06T13:21:52+00:00\",\"breadcrumb\":{\"@id\":\"https:\\\/\\\/socofujairah.ae\\\/product\\\/aw-gc\\\/#breadcrumb\"},\"inLanguage\":\"en-GB\",\"potentialAction\":[{\"@type\":\"ReadAction\",\"target\":[\"https:\\\/\\\/socofujairah.ae\\\/product\\\/aw-gc\\\/\"]}]},{\"@type\":\"ImageObject\",\"inLanguage\":\"en-GB\",\"@id\":\"https:\\\/\\\/socofujairah.ae\\\/product\\\/aw-gc\\\/#primaryimage\",\"url\":\"https:\\\/\\\/socofujairah.ae\\\/wp-content\\\/uploads\\\/2025\\\/09\\\/2.jpeg\",\"contentUrl\":\"https:\\\/\\\/socofujairah.ae\\\/wp-content\\\/uploads\\\/2025\\\/09\\\/2.jpeg\",\"width\":1080,\"height\":1086},{\"@type\":\"BreadcrumbList\",\"@id\":\"https:\\\/\\\/socofujairah.ae\\\/product\\\/aw-gc\\\/#breadcrumb\",\"itemListElement\":[{\"@type\":\"ListItem\",\"position\":1,\"name\":\"Home\",\"item\":\"https:\\\/\\\/socofujairah.ae\\\/\"},{\"@type\":\"ListItem\",\"position\":2,\"name\":\"Products\",\"item\":\"https:\\\/\\\/socofujairah.ae\\\/shop\\\/\"},{\"@type\":\"ListItem\",\"position\":3,\"name\":\"\u062a\u062c\u0644\u064a\u062f \u0627\u0644\u062f\u0641\u0627\u062a\u0631 \u0627\u0644\u064a\u062f\u0648\u064a\"}]},{\"@type\":\"WebSite\",\"@id\":\"https:\\\/\\\/socofujairah.ae\\\/ar\\\/#website\",\"url\":\"https:\\\/\\\/socofujairah.ae\\\/ar\\\/\",\"name\":\"School of Calligraphy and Ornamentation\",\"description\":\"A new specialised art school in Fujairah, UAE\",\"publisher\":{\"@id\":\"https:\\\/\\\/socofujairah.ae\\\/ar\\\/#organization\"},\"potentialAction\":[{\"@type\":\"SearchAction\",\"target\":{\"@type\":\"EntryPoint\",\"urlTemplate\":\"https:\\\/\\\/socofujairah.ae\\\/ar\\\/?s={search_term_string}\"},\"query-input\":{\"@type\":\"PropertyValueSpecification\",\"valueRequired\":true,\"valueName\":\"search_term_string\"}}],\"inLanguage\":\"en-GB\"},{\"@type\":\"Organization\",\"@id\":\"https:\\\/\\\/socofujairah.ae\\\/ar\\\/#organization\",\"name\":\"School of Calligraphy and Ornamentation\",\"alternateName\":\"SoCO\",\"url\":\"https:\\\/\\\/socofujairah.ae\\\/ar\\\/\",\"logo\":{\"@type\":\"ImageObject\",\"inLanguage\":\"en-GB\",\"@id\":\"https:\\\/\\\/socofujairah.ae\\\/ar\\\/#\\\/schema\\\/logo\\\/image\\\/\",\"url\":\"https:\\\/\\\/socofujairah.ae\\\/wp-content\\\/uploads\\\/2023\\\/06\\\/SOCO_Mar25-03.png\",\"contentUrl\":\"https:\\\/\\\/socofujairah.ae\\\/wp-content\\\/uploads\\\/2023\\\/06\\\/SOCO_Mar25-03.png\",\"width\":4325,\"height\":1438,\"caption\":\"School of Calligraphy and Ornamentation\"},\"image\":{\"@id\":\"https:\\\/\\\/socofujairah.ae\\\/ar\\\/#\\\/schema\\\/logo\\\/image\\\/\"}}]}<\/script>\n<!-- \/ Yoast SEO plugin. -->","yoast_head_json":{"title":"\u062a\u062c\u0644\u064a\u062f \u0627\u0644\u062f\u0641\u0627\u062a\u0631 \u0627\u0644\u064a\u062f\u0648\u064a - School of Calligraphy and Ornamentation","robots":{"index":"index","follow":"follow","max-snippet":"max-snippet:-1","max-image-preview":"max-image-preview:large","max-video-preview":"max-video-preview:-1"},"canonical":"https:\/\/socofujairah.ae\/en\/product\/aw-gc\/","og_locale":"en_GB","og_type":"article","og_title":"\u062a\u062c\u0644\u064a\u062f \u0627\u0644\u062f\u0641\u0627\u062a\u0631 \u0627\u0644\u064a\u062f\u0648\u064a - School of Calligraphy and Ornamentation","og_description":"\u0639\u0646 \u0627\u0644\u0648\u0631\u0634\u0629 \u062a\u0642\u0627\u0645 \u0647\u0630\u0647 \u0627\u0644\u0648\u0631\u0634\u0629 \u0628\u0627\u0644\u062a\u0639\u0627\u0648\u0646 \u0645\u0639 \u062c\u0627\u0645\u0639\u0629 \u0641\u0627\u062a\u062d \u0633\u0644\u0637\u0627\u0646 \u0645\u062d\u0645\u062f \u0627\u0644\u0648\u0642\u0641\u064a\u0629 \u00a0\u0641\u064a \u0625\u0633\u0637\u0646\u0628\u0648\u0644 \u0648\u0647\u064a \u0639\u0628\u0627\u0631\u0647 \u0639\u0646 \u064a\u0648\u0645\u064a\u0646\u060c \u0648\u062a\u0642\u062f\u0651\u0645 \u062a\u062c\u0631\u0628\u0629 \u0634\u0627\u0645\u0644\u0629 \u0644\u0644\u0645\u0634\u0627\u0631\u0643\u064a\u0646 \u0641\u064a \u0641\u0646 \u062a\u062c\u0644\u064a\u062f \u0627\u0644\u062f\u0641\u0627\u062a\u0631 \u0627\u0644\u064a\u062f\u0648\u064a \u0628\u0627\u0633\u062a\u062e\u062f\u0627\u0645 \u0627\u0644\u062a\u0642\u0646\u064a\u0627\u062a \u0627\u0644\u062a\u0642\u0644\u064a\u062f\u064a\u0629 \u0627\u0644\u0645\u062a\u0648\u0627\u0631\u062b\u0629. \u0641\u064a \u0627\u0644\u064a\u0648\u0645 \u0627\u0644\u0623\u0648\u0644\u060c \u064a\u062a\u0639\u0644\u0645 \u0627\u0644\u0645\u0634\u0627\u0631\u0643\u0648\u0646 \u0643\u064a\u0641\u064a\u0629 \u062a\u062c\u0647\u064a\u0632 \u0627\u0644\u0628\u0646\u064a\u0629 \u0627\u0644\u062f\u0627\u062e\u0644\u064a\u0629 \u0644\u0644\u062f\u0641\u062a\u0631 \u0639\u0628\u0631 \u0642\u0635 \u0648\u0637\u064a \u0627\u0644\u0623\u0648\u0631\u0627\u0642 \u0627\u0644\u0628\u064a\u0636\u0627\u0621 \u0625\u0644\u0649 \u0645\u0644\u0627\u0632\u0645\u060c \u0648\u062a\u062c\u0645\u064a\u0639\u0647\u0627 \u0648\u062e\u064a\u0627\u0637\u062a\u0647\u0627 \u0628\u062e\u064a\u0637 \u0645\u0634\u0645\u0651\u0639 \u0648\u0625\u0628\u0631\u0629 \u0648\u0641\u0642 \u062a\u0642\u0646\u064a\u0629 [&hellip;]","og_url":"https:\/\/socofujairah.ae\/en\/product\/aw-gc\/","og_site_name":"School of Calligraphy and Ornamentation","article_modified_time":"2025-10-06T13:21:52+00:00","og_image":[{"width":1080,"height":1086,"url":"https:\/\/socofujairah.ae\/wp-content\/uploads\/2025\/09\/2.jpeg","type":"image\/jpeg"}],"twitter_card":"summary_large_image","twitter_misc":{"Estimated reading time":"2 minutes"},"schema":{"@context":"https:\/\/schema.org","@graph":[{"@type":"WebPage","@id":"https:\/\/socofujairah.ae\/product\/aw-gc\/","url":"https:\/\/socofujairah.ae\/product\/aw-gc\/","name":"\u062a\u062c\u0644\u064a\u062f \u0627\u0644\u062f\u0641\u0627\u062a\u0631 \u0627\u0644\u064a\u062f\u0648\u064a - School of Calligraphy and Ornamentation","isPartOf":{"@id":"https:\/\/socofujairah.ae\/ar\/#website"},"primaryImageOfPage":{"@id":"https:\/\/socofujairah.ae\/product\/aw-gc\/#primaryimage"},"image":{"@id":"https:\/\/socofujairah.ae\/product\/aw-gc\/#primaryimage"},"thumbnailUrl":"https:\/\/socofujairah.ae\/wp-content\/uploads\/2025\/09\/2.jpeg","datePublished":"2025-09-14T08:46:00+00:00","dateModified":"2025-10-06T13:21:52+00:00","breadcrumb":{"@id":"https:\/\/socofujairah.ae\/product\/aw-gc\/#breadcrumb"},"inLanguage":"en-GB","potentialAction":[{"@type":"ReadAction","target":["https:\/\/socofujairah.ae\/product\/aw-gc\/"]}]},{"@type":"ImageObject","inLanguage":"en-GB","@id":"https:\/\/socofujairah.ae\/product\/aw-gc\/#primaryimage","url":"https:\/\/socofujairah.ae\/wp-content\/uploads\/2025\/09\/2.jpeg","contentUrl":"https:\/\/socofujairah.ae\/wp-content\/uploads\/2025\/09\/2.jpeg","width":1080,"height":1086},{"@type":"BreadcrumbList","@id":"https:\/\/socofujairah.ae\/product\/aw-gc\/#breadcrumb","itemListElement":[{"@type":"ListItem","position":1,"name":"Home","item":"https:\/\/socofujairah.ae\/"},{"@type":"ListItem","position":2,"name":"Products","item":"https:\/\/socofujairah.ae\/shop\/"},{"@type":"ListItem","position":3,"name":"\u062a\u062c\u0644\u064a\u062f \u0627\u0644\u062f\u0641\u0627\u062a\u0631 \u0627\u0644\u064a\u062f\u0648\u064a"}]},{"@type":"WebSite","@id":"https:\/\/socofujairah.ae\/ar\/#website","url":"https:\/\/socofujairah.ae\/ar\/","name":"School of Calligraphy and Ornamentation","description":"A new specialised art school in Fujairah, UAE","publisher":{"@id":"https:\/\/socofujairah.ae\/ar\/#organization"},"potentialAction":[{"@type":"SearchAction","target":{"@type":"EntryPoint","urlTemplate":"https:\/\/socofujairah.ae\/ar\/?s={search_term_string}"},"query-input":{"@type":"PropertyValueSpecification","valueRequired":true,"valueName":"search_term_string"}}],"inLanguage":"en-GB"},{"@type":"Organization","@id":"https:\/\/socofujairah.ae\/ar\/#organization","name":"School of Calligraphy and Ornamentation","alternateName":"SoCO","url":"https:\/\/socofujairah.ae\/ar\/","logo":{"@type":"ImageObject","inLanguage":"en-GB","@id":"https:\/\/socofujairah.ae\/ar\/#\/schema\/logo\/image\/","url":"https:\/\/socofujairah.ae\/wp-content\/uploads\/2023\/06\/SOCO_Mar25-03.png","contentUrl":"https:\/\/socofujairah.ae\/wp-content\/uploads\/2023\/06\/SOCO_Mar25-03.png","width":4325,"height":1438,"caption":"School of Calligraphy and Ornamentation"},"image":{"@id":"https:\/\/socofujairah.ae\/ar\/#\/schema\/logo\/image\/"}}]}},"_links":{"self":[{"href":"https:\/\/socofujairah.ae\/en\/wp-json\/wp\/v2\/product\/7195","targetHints":{"allow":["GET"]}}],"collection":[{"href":"https:\/\/socofujairah.ae\/en\/wp-json\/wp\/v2\/product"}],"about":[{"href":"https:\/\/socofujairah.ae\/en\/wp-json\/wp\/v2\/types\/product"}],"wp:featuredmedia":[{"embeddable":true,"href":"https:\/\/socofujairah.ae\/en\/wp-json\/wp\/v2\/media\/7198"}],"wp:attachment":[{"href":"https:\/\/socofujairah.ae\/en\/wp-json\/wp\/v2\/media?parent=7195"}],"wp:term":[{"taxonomy":"product_brand","embeddable":true,"href":"https:\/\/socofujairah.ae\/en\/wp-json\/wp\/v2\/product_brand?post=7195"},{"taxonomy":"product_cat","embeddable":true,"href":"https:\/\/socofujairah.ae\/en\/wp-json\/wp\/v2\/product_cat?post=7195"},{"taxonomy":"product_tag","embeddable":true,"href":"https:\/\/socofujairah.ae\/en\/wp-json\/wp\/v2\/product_tag?post=7195"}],"curies":[{"name":"wp","href":"https:\/\/api.w.org\/{rel}","templated":true}]}}